{"id":119,"date":"2025-10-01T14:51:24","date_gmt":"2025-10-01T14:51:24","guid":{"rendered":"https:\/\/hannelundhus.dk\/?page_id=119"},"modified":"2025-10-08T14:36:00","modified_gmt":"2025-10-08T14:36:00","slug":"hvad-kan-i-forvente","status":"publish","type":"page","link":"https:\/\/hannelundhus.dk\/?page_id=119","title":{"rendered":"Hvad kan I forvente?"},"content":{"rendered":"\n<p>Som sparringspartner og r\u00e5dgiver skaber jeg tryghed, n\u00e5r I har brug for at finde ud af, hvad der er op og ned i forhold til ESG.<\/p>\n\n\n\n<p>Det handler om at forenkle det komplekse, s\u00e5 det er til at forst\u00e5, skabe overblik over data og m\u00e5l, og i samarbejde kridte banen op og finde ud af, hvor jeres b\u00e6redygtige rejse skal starte.<\/p>\n\n\n\n<p>Resultatet bliver en mini ESG-rapport, som styrker samarbejdet mellem virksomhed og partnere, skaber transparens og g\u00f8r det nemmere at opfylde krav om dokumentation fra kunder, investorer og myndigheder.<\/p>\n\n\n\n<figure class=\"wp-block-image size-full is-resized\"><img loading=\"lazy\" decoding=\"async\" width=\"482\" height=\"437\" src=\"https:\/\/hannelundhus.dk\/wp-content\/uploads\/2025\/10\/Rapport.jpg\" alt=\"\" class=\"wp-image-141\" style=\"width:659px;height:auto\" srcset=\"https:\/\/hannelundhus.dk\/wp-content\/uploads\/2025\/10\/Rapport.jpg 482w, https:\/\/hannelundhus.dk\/wp-content\/uploads\/2025\/10\/Rapport-300x272.jpg 300w\" sizes=\"auto, (max-width: 482px) 100vw, 482px\" \/><\/figure>\n\n\n\n<div class=\"wp-block-buttons is-layout-flex wp-block-buttons-is-layout-flex\">\n<div class=\"wp-block-button\"><a class=\"wp-block-button__link wp-element-button\" href=\"https:\/\/hannelundhus.dk\/\">Retur til forsiden<\/a><\/div>\n<\/div>\n","protected":false},"excerpt":{"rendered":"<p>Som sparringspartner og r\u00e5dgiver skaber jeg tryghed, n\u00e5r I har brug for at finde ud af, hvad der er op og ned i forhold til ESG. Det handler om at forenkle det komplekse, s\u00e5 det er til at forst\u00e5, skabe overblik over data og m\u00e5l, og i samarbejde kridte banen op og finde ud af, [&hellip;]<\/p>\n","protected":false},"author":1,"featured_media":0,"parent":0,"menu_order":0,"comment_status":"closed","ping_status":"closed","template":"","meta":{"footnotes":""},"class_list":["post-119","page","type-page","status-publish","hentry"],"_links":{"self":[{"href":"https:\/\/hannelundhus.dk\/index.php?rest_route=\/wp\/v2\/pages\/119","targetHints":{"allow":["GET"]}}],"collection":[{"href":"https:\/\/hannelundhus.dk\/index.php?rest_route=\/wp\/v2\/pages"}],"about":[{"href":"https:\/\/hannelundhus.dk\/index.php?rest_route=\/wp\/v2\/types\/page"}],"author":[{"embeddable":true,"href":"https:\/\/hannelundhus.dk\/index.php?rest_route=\/wp\/v2\/users\/1"}],"replies":[{"embeddable":true,"href":"https:\/\/hannelundhus.dk\/index.php?rest_route=%2Fwp%2Fv2%2Fcomments&post=119"}],"version-history":[{"count":3,"href":"https:\/\/hannelundhus.dk\/index.php?rest_route=\/wp\/v2\/pages\/119\/revisions"}],"predecessor-version":[{"id":190,"href":"https:\/\/hannelundhus.dk\/index.php?rest_route=\/wp\/v2\/pages\/119\/revisions\/190"}],"wp:attachment":[{"href":"https:\/\/hannelundhus.dk\/index.php?rest_route=%2Fwp%2Fv2%2Fmedia&parent=119"}],"curies":[{"name":"wp","href":"https:\/\/api.w.org\/{rel}","templated":true}]}}