{"id":3,"date":"2025-09-24T08:20:19","date_gmt":"2025-09-24T08:20:19","guid":{"rendered":"https:\/\/hannelundhus.dk\/?page_id=3"},"modified":"2025-10-08T15:00:35","modified_gmt":"2025-10-08T15:00:35","slug":"privacy-policy","status":"publish","type":"page","link":"https:\/\/hannelundhus.dk\/?page_id=3","title":{"rendered":"Privatlivspolitik"},"content":{"rendered":"\n<h2 class=\"wp-block-heading\">Hvem er vi<\/h2>\n\n\n\n<p>https:\/\/hannelundhus.dk.<\/p>\n\n\n\n<p>Udarbejdet af Hannelundhus og offentliggjort oktober 2025<\/p>\n\n\n\n<p>Hannelundhus, Tulipanlunden 49c, 8200 Aarhus N, CVR xxxxxx er dataansvarlig og indsamler personoplysninger.<\/p>\n\n\n\n<p>Dataansvarlig kontaktperson:<br>Hanne Lundhus<br><a href=\"mailto:hl@hannelundhus.dk\">hl@hannelundhus.dk<\/a><br>Mobil: 2096 0143<\/p>\n\n\n\n<p>Version:<br>Dette er version 1. udgivet 8. oktober 2025.<\/p>\n\n\n\n<h2 class=\"wp-block-heading\">Generelt<\/h2>\n\n\n\n<p>Denne privatlivs- og persondatapolitik skal oplyse dig som bruger af Hannelundhus\u2019 hjemmeside og\/eller samarbejdspartner om, hvilke persondata Hannelundhus behandler, og hvordan vi behandler dem. Persondata er al personhenf\u00f8rbare data. Det f\u00f8lgende g\u00f8r rede for, hvilke data vi indsamler, hvordan vi indsamler dem og hvordan vi beskytter og behandler disse oplysninger.<\/p>\n\n\n\n<h2 class=\"wp-block-heading\">Hvad er personoplysninger<\/h2>\n\n\n\n<p>Personoplysninger d\u00e6kker alle data, der kan bruges til at identificere personer bl.a. for-, mellem- og efternavn, alder, stilling, arbejdsadresse eller anden fysisk adresse, e-mailadresse, telefonnummer eller andre kontaktoplysninger.<br>Personoplysninger af f\u00f8lsom karakter som cpr-nummer, \u00f8konomiske informationer, religion, mv. indsamles ikke af Hannelundhus.<\/p>\n\n\n\n<h2 class=\"wp-block-heading\">Personoplysninger indsamlet og behandlet af Hanne Lundhus<\/h2>\n\n\n\n<p>Hannelundhus indsamler og behandler data p\u00e5 samarbejdspartnere, som sikrer, at vi kan opretholde partnerskabet samt markedsf\u00f8re produkter og ydelser fremadrettet. Visse oplysninger indsamles og behandles ogs\u00e5 efter lovkrav i henhold til hvidvasknings- og bogf\u00f8ringsloven.<br>Hannelundhus indsamler udelukkende oplysninger efter telefonisk eller skriftlig henvendelse eller baseret p\u00e5 allerede etableret kendskab og relation via netv\u00e6rk.<br>Hannelundhus indsamler kun de personoplysninger, der er n\u00f8dvendige for at levere en ydelse eller et produkt, markedsf\u00f8re ydelser og produkter eller behandle foresp\u00f8rgsler. Vi indsamler og\/eller k\u00f8ber ikke personhenf\u00f8rbare oplysninger fra tredjemand.<\/p>\n\n\n\n<p>Nedenfor opsummeres hvordan og hvor Hannelundhus indsamler og behandler data.<\/p>\n\n\n\n<h2 class=\"wp-block-heading\">Indsamlet via egne, digitale kanaler<\/h2>\n\n\n\n<p>Hjemmeside: hannelundhus.dk<br>Enhver kan benytte www.hannelundhus.dk uden at afgive oplysninger om sine persondata. Ved tilgang til hjemmesiden uddeles der et ID til din session. Dette kan ikke identificere dig som person.<\/p>\n\n\n\n<p>Cookies<br>Vores hjemmeside benytter ikke cookies, hvorfor ingen information bliver indsamlet ifm. bes\u00f8g p\u00e5 vores hjemmeside.<\/p>\n\n\n\n<p>Indlejret indhold fra andre websteder<br>Vores hjemmeside kan indeholde indlejret indhold (f.eks. videoer og billeder). Dette indhold fungerer, som hvis man bes\u00f8gte p\u00e5g\u00e6ldende websted. Disse websteder kan m\u00e5ske indsamle data om dig, bruge cookies, mv. Det g\u00e6lder ogs\u00e5 hvis du benytter Hannelundhus\u2019 hjemmeside knapper til at tilg\u00e5 vores socialmedieprofiler. Hannelundhus er ikke ansvarlig for data, der indsamles i s\u00e5danne sammenh\u00e6nge.<\/p>\n\n\n\n<h2 class=\"wp-block-heading\">Indsamling om samarbejdspartnere<\/h2>\n\n\n\n<p>Ved indg\u00e5else af samarbejde indsamler vi dit navn, e-mail, telefon samt evt. organisatoriske forhold og dine betalingsoplysninger.<br>Disse informationer indsamler vi for at kunne l\u00f8se opgaven og gennemf\u00f8re samarbejdet, herunder l\u00f8bende tilbyde dig relevante tilk\u00f8bsmuligheder ifm. opgavel\u00f8sningen.<br>Vi opbevarer dine oplysninger, s\u00e5 l\u00e6nge samarbejdet er aktivt.<br>Et samarbejde betragtes ikke l\u00e6ngere aktivt to \u00e5r efter sidste interaktion. Vi sletter personoplysninger to \u00e5r efter samarbejdet er inaktivt. Hvis et nyt samarbejde kommer p\u00e5 tale, sletter vi ikke disse oplysninger, hvis de m\u00e5tte have relevans for den fremtidige opgave. Fordi vi ofte leverer mange ydelser over tid til vores samarbejdspartnere, sletter vi ikke oplysninger om dig som samarbejdspartner (organisationen og den\/de personer, der har rettet henvendelse) og det tilbud\/den leveranceaftale og evt. kontrakt, vi har indg\u00e5et f\u00f8r efter fem \u00e5r. P\u00e5 den m\u00e5de kan vi yde en bedre opgavel\u00f8sning.<br>Vi sletter mails, som ikke l\u00e6ngere har relevans for vores samarbejde efter op til to \u00e5r.<br>Kun ansatte i Hannelundhus kan tilg\u00e5 almindelige oplysninger om samarbejdspartnere som eksempelvis leveranceaftaler og kontraktbetingelser med det form\u00e5l at kunne assistere i opgavel\u00f8sningen.<br><\/p>\n\n\n\n<h2 class=\"wp-block-heading\">Indsamling ved skriftlig, telefonisk eller mundtlig henvendelse<\/h2>\n\n\n\n<p>Vi indsamler og opbevarer kontaktoplysninger som potentielle samarbejdspartnere giver os via email eller dem vi kan finde om dem p\u00e5 internettet (navn, e-mail, telefonnummer samt evt. organisatorisk tilknytning)<br>Vi gemmer ogs\u00e5 de oplysninger, vi modtager via mail, telefon eller mundtligt, som er relevante for at afgive et tilbud\/indlede en dialog med henblik salg og nye partnerskaber.<br>Vi sletter registrerede oplysninger om en potentiel samarbejdspartner (organisationen og den\/de personer, der har rettet henvendelse) og det tilbud, vi har sendt dig efter senest 5 \u00e5r. Vi gemmer denne information for at have indblik i behov og \u00f8nsker blandt vores (potentielle) samarbejdspartnere. P\u00e5 den m\u00e5de kan vi m\u00e5lrette vores ydelser bedst muligt.<br>Kun medarbejdere i Hannelundhus kan tilg\u00e5 disse oplysninger.<br>Vi sletter mails, som ikke l\u00e6ngere har relevans for vores samarbejde efter op til 2 \u00e5r.<br><\/p>\n\n\n\n<h2 class=\"wp-block-heading\">Interaktion med os p\u00e5 sociale medier<\/h2>\n\n\n\n<p>Hannelundhus bruger LinkedIn og Instagram til at dele tilbud, nyheder og oplysninger om vores arbejde og aktiviteter. Vi oplyser og indhenter mundtligt eller skriftligt samtykke fra deltagere i vores aktiviteter (kurser, events, foredrag mv.), hvis vi ved brug af billeder af disse deltagere skriver specifikt om dem. Vi oplyser samtidig hvordan man giver besked, hvis man ikke \u00f8nsker billeder og omtale delt.<br>Vi bruger sociale medier til at informere vores samarbejdspartnere (nuv\u00e6rende som fremtidige) og f\u00f8lgere (interesserede i vores form\u00e5l) om vores ydelser, events samt form\u00e5l.<br>N\u00e5r man interagerer med indhold p\u00e5 sociale medier kan &nbsp;LinkedIN og Twitter indsamle data til brug for markedsf\u00f8ring og lignende. Eftersom interaktionen foreg\u00e5r p\u00e5 eksterne platforme er Hannelundhus ansvarlig for den information, som indhentes her.<\/p>\n\n\n\n<p>LinkedIN privatlivsoplysninger:<br>https:\/\/www.linkedin.com\/legal\/privacy-policy<br>Instagram privatoplysninger:<br>https:\/\/<\/p>\n\n\n\n<h2 class=\"wp-block-heading\">Hvordan beskytter vi  dine informationer og hvor lagres dine  personoplysninger?<\/h2>\n\n\n\n<p>Alle personlige oplysninger i Hannelundhus\u2019 besiddelse opbevares i intern fildelingssystemer. Det er kun Hannelundhus\u2019 medarbejdere, der har adgang til disse systemer.<br>Alle Lundhus Event &amp; Udviklings medarbejdere er oplyst om vores privatlivs- og persondatapolitik, og de er underlagt at h\u00e5ndtere al persondata i henhold til denne. Alle personoplysninger i Hannelundhus\u2019 varet\u00e6gt lagres p\u00e5 servere i Danmark.<\/p>\n\n\n\n<h2 class=\"wp-block-heading\">Hvor l\u00e6nge opbevares personoplysningerne<\/h2>\n\n\n\n<p>Ved aktive samarbejdspartnerforhold eller potentielle samarbejdspartnerforhold, opbevarer vi data s\u00e5 l\u00e6nge som n\u00f8dvendigt, for at vi kan gennemf\u00f8re opgaven. Afbrydes samarbejdet opbevarer Hannelundhus dataene i op mod fem \u00e5r.<br>Se ogs\u00e5 afsnittet: Indsamling om samarbejdspartnere<\/p>\n\n\n\n<p>Alle i Hannelundhus\u2019s registre kan til enhver tid anmode om indsigt i eller sletning af persondata. Af anden lovgivning (hhv. bogf\u00f8rings- og hvidvaskningsloven) bevares alle transaktionelle data, inkl. kontakt- og firmaoplysninger i fem \u00e5r.<\/p>\n\n\n\n<h2 class=\"wp-block-heading\">Datal\u00e6kage<\/h2>\n\n\n\n<p>Sikkerhedsbrud og datal\u00e6kage tages alvorligt. F\u00e5r Hannelundhu mistanke om datal\u00e6kage fra interne servere g\u00e5r vi forrest for at sikre vores samarbejdspartnere bedst muligt.<br>Vi vil afd\u00e6kke den potentielle skades omfang. Vi meddeler potentielt ramte samarbejdspartnere om mistanken, vi meddeler Datatilsynet, og vi iv\u00e6rks\u00e6tter en indsats, der skal indd\u00e6mme omfanget af skaderne.<br>Ved mistanke om datal\u00e6kage vil alle implicerede parter blive informeret herom indenfor 72 timer efter Hannelundhus er blevet gjort bekendt med mistanken. Har du som samarbejdspartner mistanke om, at dine data er l\u00e6kket fra Lundhus Event &amp; Udvikling anmoder vi om, at der tages kontakt til os s\u00e5 hurtigt som muligt.<\/p>\n\n\n\n<h2 class=\"wp-block-heading\">Adgang til oplysninger<\/h2>\n\n\n\n<p>Som samarbejdspartner kan du altid f\u00e5 oplyst, hvilke informationer Hannelundhus har om dig.<br>Hvis du \u00f8nsker indsigt i dette, eller \u00f8nsker alle data slettet, kontakt da Hanne Lundhus p\u00e5 hl@hannelundhus.dk<\/p>\n\n\n\n<p><strong>Bem\u00e6rk!<\/strong> Data, der kr\u00e6ves opbevaret ift. lovgivning, kan ikke slettes p\u00e5 anmodning.<br>Du har ret til at klage til <a href=\"http:\/\/www.datatilsynet.dk\/\">www.datatilsynet.dk.<\/a><\/p>\n\n\n\n<p><strong>For sp\u00f8rgsm\u00e5l eller kommentarer?<\/strong><br>Hanne Lundhus<br>hl@hannelundhus.dk<\/p>\n\n\n\n<div class=\"wp-block-buttons is-layout-flex wp-block-buttons-is-layout-flex\">\n<div class=\"wp-block-button\"><a class=\"wp-block-button__link wp-element-button\" href=\"https:\/\/hannelundhus.dk\/\">Retur til forsiden<\/a><\/div>\n<\/div>\n","protected":false},"excerpt":{"rendered":"<p>Hvem er vi https:\/\/hannelundhus.dk. Udarbejdet af Hannelundhus og offentliggjort oktober 2025 Hannelundhus, Tulipanlunden 49c, 8200 Aarhus N, CVR xxxxxx er dataansvarlig og indsamler personoplysninger. Dataansvarlig kontaktperson:Hanne Lundhushl@hannelundhus.dkMobil: 2096 0143 Version:Dette er version 1. udgivet 8. oktober 2025. Generelt Denne privatlivs- og persondatapolitik skal oplyse dig som bruger af Hannelundhus\u2019 hjemmeside og\/eller samarbejdspartner om, hvilke persondata [&hellip;]<\/p>\n","protected":false},"author":1,"featured_media":0,"parent":0,"menu_order":0,"comment_status":"closed","ping_status":"open","template":"","meta":{"footnotes":""},"class_list":["post-3","page","type-page","status-publish","hentry"],"_links":{"self":[{"href":"https:\/\/hannelundhus.dk\/index.php?rest_route=\/wp\/v2\/pages\/3","targetHints":{"allow":["GET"]}}],"collection":[{"href":"https:\/\/hannelundhus.dk\/index.php?rest_route=\/wp\/v2\/pages"}],"about":[{"href":"https:\/\/hannelundhus.dk\/index.php?rest_route=\/wp\/v2\/types\/page"}],"author":[{"embeddable":true,"href":"https:\/\/hannelundhus.dk\/index.php?rest_route=\/wp\/v2\/users\/1"}],"replies":[{"embeddable":true,"href":"https:\/\/hannelundhus.dk\/index.php?rest_route=%2Fwp%2Fv2%2Fcomments&post=3"}],"version-history":[{"count":3,"href":"https:\/\/hannelundhus.dk\/index.php?rest_route=\/wp\/v2\/pages\/3\/revisions"}],"predecessor-version":[{"id":198,"href":"https:\/\/hannelundhus.dk\/index.php?rest_route=\/wp\/v2\/pages\/3\/revisions\/198"}],"wp:attachment":[{"href":"https:\/\/hannelundhus.dk\/index.php?rest_route=%2Fwp%2Fv2%2Fmedia&parent=3"}],"curies":[{"name":"wp","href":"https:\/\/api.w.org\/{rel}","templated":true}]}}