{"id":84,"date":"2025-10-01T10:15:20","date_gmt":"2025-10-01T10:15:20","guid":{"rendered":"https:\/\/hannelundhus.dk\/?page_id=84"},"modified":"2025-10-08T14:32:48","modified_gmt":"2025-10-08T14:32:48","slug":"hanne-lundhus","status":"publish","type":"page","link":"https:\/\/hannelundhus.dk\/?page_id=84","title":{"rendered":""},"content":{"rendered":"\n<figure class=\"wp-block-image alignleft size-large is-resized\"><img loading=\"lazy\" decoding=\"async\" width=\"926\" height=\"1024\" src=\"https:\/\/hannelundhus.dk\/wp-content\/uploads\/2025\/10\/Hanne-Lundhus-4-926x1024.jpg\" alt=\"\" class=\"wp-image-184\" style=\"width:372px;height:auto\" srcset=\"https:\/\/hannelundhus.dk\/wp-content\/uploads\/2025\/10\/Hanne-Lundhus-4-926x1024.jpg 926w, https:\/\/hannelundhus.dk\/wp-content\/uploads\/2025\/10\/Hanne-Lundhus-4-271x300.jpg 271w, https:\/\/hannelundhus.dk\/wp-content\/uploads\/2025\/10\/Hanne-Lundhus-4-768x849.jpg 768w, https:\/\/hannelundhus.dk\/wp-content\/uploads\/2025\/10\/Hanne-Lundhus-4-1389x1536.jpg 1389w, https:\/\/hannelundhus.dk\/wp-content\/uploads\/2025\/10\/Hanne-Lundhus-4-1852x2048.jpg 1852w\" sizes=\"auto, (max-width: 926px) 100vw, 926px\" \/><\/figure>\n\n\n\n<p>Jeg er uddannet cand. mag oplevelses\u00f8konomi fra Aarhus Universitet og senest eksamineret i fagene ESG Rapportering og Klimaregnskab hos Erhvervsakademi Aarhus. Jeg betragter mig selv som en seri\u00f8s sparringspartner, der har let til smil og har en smittende optimisme. S\u00e5 vil jeg gerne v\u00e6re med til at g\u00f8re en forskel og br\u00e6nder for at bidrage til en mere b\u00e6redygtighed fremtid.<\/p>\n\n\n\n<p>Min passion for den gr\u00f8nne omstilling har jeg oparbejdet gennem mine 15 \u00e5rs erfaring indenfor b\u00e5de offentligt regi, konsulentverdenen og private virksomheder. Her har jeg arbejdet med udvikling, implementering og forankring af b\u00e6redygtighedstiltag i krydsfeltet mellem strategisk b\u00e6redygtighed og praktisk implementering.<\/p>\n\n\n\n<p>Det har \u2013 sagt med jysk beskedenhed \u2013 gjort mig til lidt af en ekspert indenfor det b\u00e6redygtige felt med kompetencer indenfor omr\u00e5der som data, rapportering, r\u00e5dgivning og facilitering. Og s\u00e5 kan jeg bare godt lide mennesker \u2013 det er jo dem (og os), der g\u00f8r hele forskellen.<\/p>\n\n\n\n<figure class=\"wp-block-gallery has-nested-images columns-default is-cropped wp-block-gallery-1 is-layout-flex wp-block-gallery-is-layout-flex\">\n<figure class=\"wp-block-image size-full\"><img loading=\"lazy\" decoding=\"async\" width=\"243\" height=\"163\" data-id=\"177\" src=\"https:\/\/hannelundhus.dk\/wp-content\/uploads\/2025\/10\/Telefon.jpg\" alt=\"\" class=\"wp-image-177\"\/><figcaption class=\"wp-element-caption\"><strong>+ 45 20 96 01 43      <\/strong>                                         <\/figcaption><\/figure>\n\n\n\n<figure class=\"wp-block-image size-full\"><img loading=\"lazy\" decoding=\"async\" width=\"374\" height=\"257\" data-id=\"180\" src=\"https:\/\/hannelundhus.dk\/wp-content\/uploads\/2025\/10\/Mail-1.jpg\" alt=\"\" class=\"wp-image-180\" srcset=\"https:\/\/hannelundhus.dk\/wp-content\/uploads\/2025\/10\/Mail-1.jpg 374w, https:\/\/hannelundhus.dk\/wp-content\/uploads\/2025\/10\/Mail-1-300x206.jpg 300w\" sizes=\"auto, (max-width: 374px) 100vw, 374px\" \/><figcaption class=\"wp-element-caption\"><strong>hl@hannelundhus.dk<\/strong><\/figcaption><\/figure>\n<\/figure>\n\n\n\n<div class=\"wp-block-buttons is-layout-flex wp-block-buttons-is-layout-flex\">\n<div class=\"wp-block-button\"><a class=\"wp-block-button__link wp-element-button\" href=\"https:\/\/hannelundhus.dk\/\">Retur til forsiden<\/a><\/div>\n<\/div>\n","protected":false},"excerpt":{"rendered":"<p>Jeg er uddannet cand. mag oplevelses\u00f8konomi fra Aarhus Universitet og senest eksamineret i fagene ESG Rapportering og Klimaregnskab hos Erhvervsakademi Aarhus. Jeg betragter mig selv som en seri\u00f8s sparringspartner, der har let til smil og har en smittende optimisme. S\u00e5 vil jeg gerne v\u00e6re med til at g\u00f8re en forskel og br\u00e6nder for at bidrage [&hellip;]<\/p>\n","protected":false},"author":1,"featured_media":0,"parent":0,"menu_order":0,"comment_status":"closed","ping_status":"closed","template":"","meta":{"footnotes":""},"class_list":["post-84","page","type-page","status-publish","hentry"],"_links":{"self":[{"href":"https:\/\/hannelundhus.dk\/index.php?rest_route=\/wp\/v2\/pages\/84","targetHints":{"allow":["GET"]}}],"collection":[{"href":"https:\/\/hannelundhus.dk\/index.php?rest_route=\/wp\/v2\/pages"}],"about":[{"href":"https:\/\/hannelundhus.dk\/index.php?rest_route=\/wp\/v2\/types\/page"}],"author":[{"embeddable":true,"href":"https:\/\/hannelundhus.dk\/index.php?rest_route=\/wp\/v2\/users\/1"}],"replies":[{"embeddable":true,"href":"https:\/\/hannelundhus.dk\/index.php?rest_route=%2Fwp%2Fv2%2Fcomments&post=84"}],"version-history":[{"count":8,"href":"https:\/\/hannelundhus.dk\/index.php?rest_route=\/wp\/v2\/pages\/84\/revisions"}],"predecessor-version":[{"id":188,"href":"https:\/\/hannelundhus.dk\/index.php?rest_route=\/wp\/v2\/pages\/84\/revisions\/188"}],"wp:attachment":[{"href":"https:\/\/hannelundhus.dk\/index.php?rest_route=%2Fwp%2Fv2%2Fmedia&parent=84"}],"curies":[{"name":"wp","href":"https:\/\/api.w.org\/{rel}","templated":true}]}}