{"id":98,"date":"2025-10-01T11:02:42","date_gmt":"2025-10-01T11:02:42","guid":{"rendered":"https:\/\/hannelundhus.dk\/?page_id=98"},"modified":"2025-10-08T12:05:58","modified_gmt":"2025-10-08T12:05:58","slug":"hvordan-kan-esg-skabe-vaerdi","status":"publish","type":"page","link":"https:\/\/hannelundhus.dk\/?page_id=98","title":{"rendered":"Hvordan kan ESG skabe v\u00e6rdi?"},"content":{"rendered":"\n<p>ESG-rapportering handler ikke kun om at leve op til regler, men i lige s\u00e5 h\u00f8j grad om at skabe indsigt, retning og transparens i virksomheden. ESG-omr\u00e5det er komplekst, og det komplekse skal oms\u00e6ttes til noget konkret, s\u00e5 det bliver brugbart for b\u00e5de jer som virksomhed og for de virksomheder, der er en del af jeres v\u00e6rdik\u00e6de. Det skal naturligvis ske i et tempo, der matcher jeres hverdag og tilpasses jeres virksomheds behov og eventuel forretningsmodel. P\u00e5 den m\u00e5de giver arbejdet med ESG-omr\u00e5det mening, og det skaber v\u00e6rdi ved at v\u00e6re l\u00f8ftestang til forandring og forbedring.<\/p>\n\n\n\n<figure class=\"wp-block-image aligncenter size-full is-resized\"><img loading=\"lazy\" decoding=\"async\" width=\"1000\" height=\"500\" src=\"https:\/\/hannelundhus.dk\/wp-content\/uploads\/2025\/10\/klimaregnskab1w.webp\" alt=\"\" class=\"wp-image-136\" style=\"width:429px;height:auto\" srcset=\"https:\/\/hannelundhus.dk\/wp-content\/uploads\/2025\/10\/klimaregnskab1w.webp 1000w, https:\/\/hannelundhus.dk\/wp-content\/uploads\/2025\/10\/klimaregnskab1w-300x150.webp 300w, https:\/\/hannelundhus.dk\/wp-content\/uploads\/2025\/10\/klimaregnskab1w-768x384.webp 768w\" sizes=\"auto, (max-width: 1000px) 100vw, 1000px\" \/><\/figure>\n\n\n\n<div class=\"wp-block-buttons is-layout-flex wp-block-buttons-is-layout-flex\">\n<div class=\"wp-block-button\"><a class=\"wp-block-button__link wp-element-button\" href=\"https:\/\/hannelundhus.dk\/\">Retur til forsiden<\/a><\/div>\n<\/div>\n","protected":false},"excerpt":{"rendered":"<p>ESG-rapportering handler ikke kun om at leve op til regler, men i lige s\u00e5 h\u00f8j grad om at skabe indsigt, retning og transparens i virksomheden. ESG-omr\u00e5det er komplekst, og det komplekse skal oms\u00e6ttes til noget konkret, s\u00e5 det bliver brugbart for b\u00e5de jer som virksomhed og for de virksomheder, der er en del af jeres [&hellip;]<\/p>\n","protected":false},"author":1,"featured_media":0,"parent":0,"menu_order":0,"comment_status":"closed","ping_status":"closed","template":"","meta":{"footnotes":""},"class_list":["post-98","page","type-page","status-publish","hentry"],"_links":{"self":[{"href":"https:\/\/hannelundhus.dk\/index.php?rest_route=\/wp\/v2\/pages\/98","targetHints":{"allow":["GET"]}}],"collection":[{"href":"https:\/\/hannelundhus.dk\/index.php?rest_route=\/wp\/v2\/pages"}],"about":[{"href":"https:\/\/hannelundhus.dk\/index.php?rest_route=\/wp\/v2\/types\/page"}],"author":[{"embeddable":true,"href":"https:\/\/hannelundhus.dk\/index.php?rest_route=\/wp\/v2\/users\/1"}],"replies":[{"embeddable":true,"href":"https:\/\/hannelundhus.dk\/index.php?rest_route=%2Fwp%2Fv2%2Fcomments&post=98"}],"version-history":[{"count":3,"href":"https:\/\/hannelundhus.dk\/index.php?rest_route=\/wp\/v2\/pages\/98\/revisions"}],"predecessor-version":[{"id":157,"href":"https:\/\/hannelundhus.dk\/index.php?rest_route=\/wp\/v2\/pages\/98\/revisions\/157"}],"wp:attachment":[{"href":"https:\/\/hannelundhus.dk\/index.php?rest_route=%2Fwp%2Fv2%2Fmedia&parent=98"}],"curies":[{"name":"wp","href":"https:\/\/api.w.org\/{rel}","templated":true}]}}